{"id":6,"date":"2023-08-26T18:22:06","date_gmt":"2023-08-26T22:22:06","guid":{"rendered":"https:\/\/consuladocroatabolivia.com\/?page_id=6"},"modified":"2023-11-04T08:31:53","modified_gmt":"2023-11-04T12:31:53","slug":"inicio","status":"publish","type":"page","link":"https:\/\/consuladocroatabolivia.com\/hr\/","title":{"rendered":"Inicio"},"content":{"rendered":"<h3 class=\"wp-block-heading\" id=\"informacion\">INFORMACI\u00d3N GENERAL<\/h3>\n\n\n\n<p>El Consulado de la Republica de Croacia en el Estado Plurinacional de Bolivia ha sido establecido en el a\u00f1o 1996. Es dependiente de la Embajada de Croacia en Santiago de Chile, la que adem\u00e1s de Bolivia, tambi\u00e9n es concurrente para Per\u00fa y Ecuador.<\/p>\n\n\n\n<p>El Consulado de la Republica de Croacia en Santa Cruz de la Sierra es dirigido por el C\u00f3nsul Honorario.&nbsp;<\/p>\n\n\n\n<hr class=\"wp-block-separator has-alpha-channel-opacity is-style-wide\"\/>\n\n\n\n<h3 class=\"wp-block-heading\" id=\"noticias\">NOTICIAS<\/h3>\n\n\n\n<h5 class=\"wp-block-heading\">D\u00edas consulares en Bolivia 2023<\/h5>\n\n\n\n<p>Del d\u00eda 6 a10 y 13 al 17 de noviembre del presente a\u00f1o en las Oficina Consular en Santa Cruz de la Sierra se van a realizar los Dias Consulares para atender a los interesados de toda Bolivia. Para esta ocasi\u00f3n, los t\u00e9rminos y espacios disponibles ya est\u00e1n ocupados.<\/p>\n\n\n\n<p>Informamos que adem\u00e1s de las personas que van a ser atendidas, existen m\u00e1s de 250 personas que solicitan la atenci\u00f3n Consular, por cual motivo solicitamos a todos ellos la comprensi\u00f3n esperando poder atenderlos en el futuro pr\u00f3ximo.&nbsp;<\/p>\n\n\n\n<p>Con atentos saludos para todos.<\/p>\n\n\n\n<p><strong>Robert Jakubek F.<\/strong><br>C\u00f3nsul Honorario&nbsp;<\/p>\n\n\n\n<hr class=\"wp-block-separator has-alpha-channel-opacity is-style-wide\"\/>\n\n\n\n<h3 class=\"wp-block-heading\" id=\"dianacional\"><strong>CONMEMORACI\u00d3N DEL D\u00cdA NACIONAL DE LA REP\u00daBLICA DE CROACIA<\/strong> \ud83c\udded\ud83c\uddf7<\/h3>\n\n\n\n<p>En ocasi\u00f3n, despu\u00e9s de saludar a mas de doscientas personas presentes, Robert Jakubek F., C\u00f3nsul Honorario,&nbsp; ha mencionado a los presentes:&nbsp;<\/p>\n\n\n\n<blockquote class=\"wp-block-quote is-layout-flow wp-block-quote-is-layout-flow\">\n<p><strong>\u201cHoy conmemoramos el 33 avo Aniversario del memorable d\u00eda en nuestra moderna historia, 30 de mayo de 1990, cuando por primera vez se ha reunido democr\u00e1ticamente electo y pluripartidario Hrvatski Sabor (Parlamento Croata).&nbsp;<\/strong><\/p>\n\n\n\n<p><strong>Este d\u00eda se han iniciado las reformas democr\u00e1ticas y se dio el primer y crucial paso hacia el retorno del pueblo croata y de la soberana e independiente Rep\u00fablica de Croacia a las tradiciones, pol\u00edtica, cultura y econom\u00eda de la Europa democr\u00e1tica.\u201d<\/strong><\/p>\n<\/blockquote>\n\n\n\n<figure class=\"wp-block-gallery has-nested-images columns-default is-cropped wp-block-gallery-1 is-layout-flex wp-block-gallery-is-layout-flex\">\n<figure class=\"wp-block-image size-large\"><img loading=\"lazy\" decoding=\"async\" width=\"1024\" height=\"576\" data-id=\"95\" src=\"https:\/\/consuladocroatabolivia.com\/wp-content\/uploads\/2023\/10\/PHOTO-2023-06-03-21-11-33-1024x576.jpg\" alt=\"\" class=\"wp-image-95\" srcset=\"https:\/\/consuladocroatabolivia.com\/wp-content\/uploads\/2023\/10\/PHOTO-2023-06-03-21-11-33-1024x576.jpg 1024w, https:\/\/consuladocroatabolivia.com\/wp-content\/uploads\/2023\/10\/PHOTO-2023-06-03-21-11-33-300x169.jpg 300w, https:\/\/consuladocroatabolivia.com\/wp-content\/uploads\/2023\/10\/PHOTO-2023-06-03-21-11-33-768x432.jpg 768w, https:\/\/consuladocroatabolivia.com\/wp-content\/uploads\/2023\/10\/PHOTO-2023-06-03-21-11-33-1536x864.jpg 1536w, https:\/\/consuladocroatabolivia.com\/wp-content\/uploads\/2023\/10\/PHOTO-2023-06-03-21-11-33-18x10.jpg 18w, https:\/\/consuladocroatabolivia.com\/wp-content\/uploads\/2023\/10\/PHOTO-2023-06-03-21-11-33.jpg 1600w\" sizes=\"auto, (max-width: 1024px) 100vw, 1024px\" \/><figcaption class=\"wp-element-caption\">Foto de la ocasi\u00f3n.<\/figcaption><\/figure>\n<\/figure>\n\n\n\n<hr class=\"wp-block-separator has-alpha-channel-opacity is-style-wide\"\/>\n\n\n\n<h3 class=\"wp-block-heading\" id=\"actividades\">\u00daLTIMAS ACTIVIDADES<\/h3>\n\n\n\n<h5 class=\"wp-block-heading\">\u00a1Excursi\u00f3n a Samaipata y Postrervalle! \ud83c\udfd5\ufe0f<\/h5>\n\n\n\n<p>De viernes 30 de junio a domingo, 2 de julio de 2023.&nbsp;<\/p>\n\n\n\n<p>El Consulado de la Republica de Croacia y el Centro Cultural Boliviano Croata de Santa Cruz de la Sierra han organizado la excursi\u00f3n de 3 d\u00edas de visita a pueblo tur\u00edstico tradicional Samaipata (120 km de Santa Cruz,1.650 m sobre el nivel de mar) incluida una jornada de visita al 85 km alejado pueblo de Postrervalle que descansa de forma solitaria entre las monta\u00f1as.&nbsp;<\/p>\n\n\n\n<p>En este lugar especial de pocos habitantes hemos sido recibidos por laicos cristianos italianos que dirigen un colegio para alumnos de escasos recursos y taller que produce tallados sacrales y muebles especiales de alto valor.&nbsp;<\/p>\n\n\n\n<p>En muy agradable compa\u00f1\u00eda de 32 participantes, incluidos los Yorka de Oruro, y M\u00f3nica, Rub\u00e9n y Alfonso de Cochabamba, hemos compartido hermosas jornadas, realizando paralelamente algunas contribuciones y obras ben\u00e9ficas en favor de la hermosa obra social que hemos visitado.&nbsp;<\/p>\n\n\n\n<p>Finalmente, agradecemos a los propietarios de Restaurante Dobrisimo de Samaipata, donde los descendientes y herederos de emigrante croata Don Srecko Mileta nos sirvieron deliciosos platos y especialmente el lech\u00f3n al palo, acompa\u00f1ados de rico vino marca Mileta, todos estos preparados seg\u00fan la ense\u00f1anza y recetas de su abuelo, emigrante croata.&nbsp;&nbsp;<\/p>\n\n\n\n<figure class=\"wp-block-gallery has-nested-images columns-default is-cropped wp-block-gallery-2 is-layout-flex wp-block-gallery-is-layout-flex\">\n<figure class=\"wp-block-image size-large\"><img loading=\"lazy\" decoding=\"async\" width=\"1024\" height=\"768\" data-id=\"98\" src=\"https:\/\/consuladocroatabolivia.com\/wp-content\/uploads\/2023\/10\/WhatsApp-Image-2023-10-25-at-19.22.13-1-1024x768.jpeg\" alt=\"\" class=\"wp-image-98\" srcset=\"https:\/\/consuladocroatabolivia.com\/wp-content\/uploads\/2023\/10\/WhatsApp-Image-2023-10-25-at-19.22.13-1-1024x768.jpeg 1024w, https:\/\/consuladocroatabolivia.com\/wp-content\/uploads\/2023\/10\/WhatsApp-Image-2023-10-25-at-19.22.13-1-300x225.jpeg 300w, https:\/\/consuladocroatabolivia.com\/wp-content\/uploads\/2023\/10\/WhatsApp-Image-2023-10-25-at-19.22.13-1-768x576.jpeg 768w, https:\/\/consuladocroatabolivia.com\/wp-content\/uploads\/2023\/10\/WhatsApp-Image-2023-10-25-at-19.22.13-1-1536x1152.jpeg 1536w, https:\/\/consuladocroatabolivia.com\/wp-content\/uploads\/2023\/10\/WhatsApp-Image-2023-10-25-at-19.22.13-1-16x12.jpeg 16w, https:\/\/consuladocroatabolivia.com\/wp-content\/uploads\/2023\/10\/WhatsApp-Image-2023-10-25-at-19.22.13-1.jpeg 1600w\" sizes=\"auto, (max-width: 1024px) 100vw, 1024px\" \/><\/figure>\n\n\n\n<figure class=\"wp-block-image size-large\"><img loading=\"lazy\" decoding=\"async\" width=\"1024\" height=\"768\" data-id=\"97\" src=\"https:\/\/consuladocroatabolivia.com\/wp-content\/uploads\/2023\/10\/WhatsApp-Image-2023-10-25-at-19.22.14-1-1024x768.jpeg\" alt=\"\" class=\"wp-image-97\" srcset=\"https:\/\/consuladocroatabolivia.com\/wp-content\/uploads\/2023\/10\/WhatsApp-Image-2023-10-25-at-19.22.14-1-1024x768.jpeg 1024w, https:\/\/consuladocroatabolivia.com\/wp-content\/uploads\/2023\/10\/WhatsApp-Image-2023-10-25-at-19.22.14-1-300x225.jpeg 300w, https:\/\/consuladocroatabolivia.com\/wp-content\/uploads\/2023\/10\/WhatsApp-Image-2023-10-25-at-19.22.14-1-768x576.jpeg 768w, https:\/\/consuladocroatabolivia.com\/wp-content\/uploads\/2023\/10\/WhatsApp-Image-2023-10-25-at-19.22.14-1-1536x1152.jpeg 1536w, https:\/\/consuladocroatabolivia.com\/wp-content\/uploads\/2023\/10\/WhatsApp-Image-2023-10-25-at-19.22.14-1-16x12.jpeg 16w, https:\/\/consuladocroatabolivia.com\/wp-content\/uploads\/2023\/10\/WhatsApp-Image-2023-10-25-at-19.22.14-1.jpeg 1600w\" sizes=\"auto, (max-width: 1024px) 100vw, 1024px\" \/><\/figure>\n\n\n\n<figure class=\"wp-block-image size-large\"><img loading=\"lazy\" decoding=\"async\" width=\"1024\" height=\"768\" data-id=\"96\" src=\"https:\/\/consuladocroatabolivia.com\/wp-content\/uploads\/2023\/10\/WhatsApp-Image-2023-10-25-at-19.22.16-1-1024x768.jpeg\" alt=\"\" class=\"wp-image-96\" srcset=\"https:\/\/consuladocroatabolivia.com\/wp-content\/uploads\/2023\/10\/WhatsApp-Image-2023-10-25-at-19.22.16-1-1024x768.jpeg 1024w, https:\/\/consuladocroatabolivia.com\/wp-content\/uploads\/2023\/10\/WhatsApp-Image-2023-10-25-at-19.22.16-1-300x225.jpeg 300w, https:\/\/consuladocroatabolivia.com\/wp-content\/uploads\/2023\/10\/WhatsApp-Image-2023-10-25-at-19.22.16-1-768x576.jpeg 768w, https:\/\/consuladocroatabolivia.com\/wp-content\/uploads\/2023\/10\/WhatsApp-Image-2023-10-25-at-19.22.16-1-1536x1152.jpeg 1536w, https:\/\/consuladocroatabolivia.com\/wp-content\/uploads\/2023\/10\/WhatsApp-Image-2023-10-25-at-19.22.16-1-16x12.jpeg 16w, https:\/\/consuladocroatabolivia.com\/wp-content\/uploads\/2023\/10\/WhatsApp-Image-2023-10-25-at-19.22.16-1.jpeg 1600w\" sizes=\"auto, (max-width: 1024px) 100vw, 1024px\" \/><\/figure>\n<\/figure>\n\n\n\n<hr class=\"wp-block-separator has-alpha-channel-opacity is-style-wide\"\/>\n\n\n\n<h3 class=\"wp-block-heading\" id=\"enlaces\">ENLACES IMPORTANTES<\/h3>\n\n\n\n<p><a href=\"https:\/\/mvep.gov.hr\/en\">Ministerio de Asuntos Exteriores y Europeos<\/a><\/p>\n\n\n\n<p><a href=\"https:\/\/www.google.com\/search?q=embajada+croata+en+chile&amp;oq=embajada+croa&amp;gs_lcrp=EgZjaHJvbWUqBwgAEAAYgAQyBwgAEAAYgAQyBggBEEUYOTIHCAIQABiABDIHCAMQABiABDIHCAQQABiABDIHCAUQABiABDIHCAYQABiABDIHCAcQABiABDIHCAgQABiABNIBCDM1MjZqMGo0qAIAsAIA&amp;sourceid=chrome&amp;ie=UTF-8\">Embajada de la Rep\u00fablica de Croacia en Chile<\/a><\/p>\n\n\n\n<p><a href=\"https:\/\/mvep.gov.hr\/informacion-consular-139492\/139492\">Konzularne Informacije<\/a><\/p>\n\n\n\n<p><a href=\"https:\/\/mvep.gov.hr\/informacion-consular-139492\/atencion-al-publico-avisos-importantes\/139493\">Atenci\u00f3n al p\u00fablico &#8211; Avisos importantes<\/a><\/p>\n\n\n\n<p><a href=\"https:\/\/hrvatiizvanrh.gov.hr\/\">Oficina Central Estatal para los Croatas fuera de la Rep\u00fablica de Croacia<\/a><\/p>\n\n\n\n<p><a href=\"https:\/\/matis.hr\/\">Matis.hr<\/a><\/p>\n\n\n\n<p><a href=\"https:\/\/hsi-cwg.com\/igre-2023\/\">Juegos Mundiales Croatas<\/a><\/p>\n\n\n\n<p><a href=\"https:\/\/hsk.hr\/\">Congreso Mundial Croata<\/a><\/p>\n\n\n\n<p><a href=\"https:\/\/diasporacroata.uy\/\">VII Encuentro de la Di\u00e1spora Croata Sudamericana, Noviembre 2023<\/a><\/p>","protected":false},"excerpt":{"rendered":"<p>INFORMACI\u00d3N GENERAL El Consulado de la Republica de Croacia en el Estado Plurinacional de Bolivia ha sido establecido en el a\u00f1o 1996. Es dependiente de la Embajada de Croacia en Santiago de Chile, la que adem\u00e1s de Bolivia, tambi\u00e9n es concurrente para Per\u00fa y Ecuador. El Consulado de la Republica de Croacia en Santa Cruz [&hellip;]<\/p>","protected":false},"author":2,"featured_media":0,"parent":0,"menu_order":0,"comment_status":"closed","ping_status":"closed","template":"","meta":{"site-sidebar-layout":"default","site-content-layout":"","ast-site-content-layout":"narrow-width-container","site-content-style":"unboxed","site-sidebar-style":"default","ast-global-header-display":"","ast-banner-title-visibility":"","ast-main-header-display":"","ast-hfb-above-header-display":"","ast-hfb-below-header-display":"","ast-hfb-mobile-header-display":"","site-post-title":"disabled","ast-breadcrumbs-content":"","ast-featured-img":"","footer-sml-layout":"","theme-transparent-header-meta":"","adv-header-id-meta":"","stick-header-meta":"","header-above-stick-meta":"","header-main-stick-meta":"","header-below-stick-meta":"","astra-migrate-meta-layouts":"","ast-page-background-enabled":"default","ast-page-background-meta":{"desktop":{"background-color":"var(--ast-global-color-4)","background-image":"","background-repeat":"repeat","background-position":"center center","background-size":"auto","background-attachment":"scroll","background-type":"","background-media":"","overlay-type":"","overlay-color":"","overlay-opacity":"","overlay-gradient":""},"tablet":{"background-color":"","background-image":"","background-repeat":"repeat","background-position":"center center","background-size":"auto","background-attachment":"scroll","background-type":"","background-media":"","overlay-type":"","overlay-color":"","overlay-opacity":"","overlay-gradient":""},"mobile":{"background-color":"","background-image":"","background-repeat":"repeat","background-position":"center center","background-size":"auto","background-attachment":"scroll","background-type":"","background-media":"","overlay-type":"","overlay-color":"","overlay-opacity":"","overlay-gradient":""}},"ast-content-background-meta":{"desktop":{"background-color":"var(--ast-global-color-5)","background-image":"","background-repeat":"repeat","background-position":"center center","background-size":"auto","background-attachment":"scroll","background-type":"","background-media":"","overlay-type":"","overlay-color":"","overlay-opacity":"","overlay-gradient":""},"tablet":{"background-color":"var(--ast-global-color-5)","background-image":"","background-repeat":"repeat","background-position":"center center","background-size":"auto","background-attachment":"scroll","background-type":"","background-media":"","overlay-type":"","overlay-color":"","overlay-opacity":"","overlay-gradient":""},"mobile":{"background-color":"var(--ast-global-color-5)","background-image":"","background-repeat":"repeat","background-position":"center center","background-size":"auto","background-attachment":"scroll","background-type":"","background-media":"","overlay-type":"","overlay-color":"","overlay-opacity":"","overlay-gradient":""}},"footnotes":""},"class_list":["post-6","page","type-page","status-publish","hentry"],"yoast_head":"<!-- This site is optimized with the Yoast SEO plugin v26.3 - https:\/\/yoast.com\/wordpress\/plugins\/seo\/ -->\n<title>Inicio - Consulado Croata en Bolivia<\/title>\n<meta name=\"description\" content=\"El Consulado de la Republica de Croacia en el Estado Plurinacional de Bolivia ha sido establecido en el a\u00f1o 1996. Es dependiente de la Embajada de Croacia en Santiago de Chile, la que adem\u00e1s de Bolivia, tambi\u00e9n es concurrente para Per\u00fa y Ecuador.\" \/>\n<meta name=\"robots\" content=\"index, follow, max-snippet:-1, max-image-preview:large, max-video-preview:-1\" \/>\n<link rel=\"canonical\" href=\"https:\/\/consuladocroatabolivia.com\/hr\/\" \/>\n<meta property=\"og:locale\" content=\"hr_HR\" \/>\n<meta property=\"og:type\" content=\"article\" \/>\n<meta property=\"og:title\" content=\"Consulado de la Rep\u00fablica de Croacia en Bolivia\" \/>\n<meta property=\"og:description\" content=\"El Consulado de la Republica de Croacia en el Estado Plurinacional de Bolivia ha sido establecido en el a\u00f1o 1996. Es dependiente de la Embajada de Croacia en Santiago de Chile, la que adem\u00e1s de Bolivia, tambi\u00e9n es concurrente para Per\u00fa y Ecuador.\" \/>\n<meta property=\"og:url\" content=\"https:\/\/consuladocroatabolivia.com\/hr\/\" \/>\n<meta property=\"og:site_name\" content=\"Consulado Croata en Bolivia\" \/>\n<meta property=\"article:modified_time\" content=\"2023-11-04T12:31:53+00:00\" \/>\n<meta property=\"og:image\" content=\"https:\/\/consuladocroatabolivia.com\/wp-content\/uploads\/2023\/08\/cropped-escudo-favicon.png\" \/>\n\t<meta property=\"og:image:width\" content=\"512\" \/>\n\t<meta property=\"og:image:height\" content=\"512\" \/>\n\t<meta property=\"og:image:type\" content=\"image\/png\" \/>\n<meta name=\"twitter:card\" content=\"summary_large_image\" \/>\n<meta name=\"twitter:label1\" content=\"Procijenjeno vrijeme \u010ditanja\" \/>\n\t<meta name=\"twitter:data1\" content=\"3 minute\" \/>\n<script type=\"application\/ld+json\" class=\"yoast-schema-graph\">{\"@context\":\"https:\/\/schema.org\",\"@graph\":[{\"@type\":\"WebPage\",\"@id\":\"https:\/\/consuladocroatabolivia.com\/\",\"url\":\"https:\/\/consuladocroatabolivia.com\/\",\"name\":\"Inicio - Consulado Croata en Bolivia\",\"isPartOf\":{\"@id\":\"https:\/\/consuladocroatabolivia.com\/#website\"},\"primaryImageOfPage\":{\"@id\":\"https:\/\/consuladocroatabolivia.com\/#primaryimage\"},\"image\":{\"@id\":\"https:\/\/consuladocroatabolivia.com\/#primaryimage\"},\"thumbnailUrl\":\"https:\/\/consuladocroatabolivia.com\/wp-content\/uploads\/2023\/10\/PHOTO-2023-06-03-21-11-33-1024x576.jpg\",\"datePublished\":\"2023-08-26T22:22:06+00:00\",\"dateModified\":\"2023-11-04T12:31:53+00:00\",\"description\":\"El Consulado de la Republica de Croacia en el Estado Plurinacional de Bolivia ha sido establecido en el a\u00f1o 1996. Es dependiente de la Embajada de Croacia en Santiago de Chile, la que adem\u00e1s de Bolivia, tambi\u00e9n es concurrente para Per\u00fa y Ecuador.\",\"breadcrumb\":{\"@id\":\"https:\/\/consuladocroatabolivia.com\/#breadcrumb\"},\"inLanguage\":\"hr\",\"potentialAction\":[{\"@type\":\"ReadAction\",\"target\":[\"https:\/\/consuladocroatabolivia.com\/\"]}]},{\"@type\":\"ImageObject\",\"inLanguage\":\"hr\",\"@id\":\"https:\/\/consuladocroatabolivia.com\/#primaryimage\",\"url\":\"https:\/\/consuladocroatabolivia.com\/wp-content\/uploads\/2023\/10\/PHOTO-2023-06-03-21-11-33-1024x576.jpg\",\"contentUrl\":\"https:\/\/consuladocroatabolivia.com\/wp-content\/uploads\/2023\/10\/PHOTO-2023-06-03-21-11-33-1024x576.jpg\"},{\"@type\":\"BreadcrumbList\",\"@id\":\"https:\/\/consuladocroatabolivia.com\/#breadcrumb\",\"itemListElement\":[{\"@type\":\"ListItem\",\"position\":1,\"name\":\"Portada\",\"item\":\"https:\/\/consuladocroatabolivia.com\/\"},{\"@type\":\"ListItem\",\"position\":2,\"name\":\"Inicio\"}]},{\"@type\":\"WebSite\",\"@id\":\"https:\/\/consuladocroatabolivia.com\/#website\",\"url\":\"https:\/\/consuladocroatabolivia.com\/\",\"name\":\"Consulado Croata en Bolivia\",\"description\":\"El Consulado de la Rep\u00fablica de Croacia en Santa Cruz de la Sierra es dirigido por el C\u00f3nsul Honorario.\",\"publisher\":{\"@id\":\"https:\/\/consuladocroatabolivia.com\/#organization\"},\"potentialAction\":[{\"@type\":\"SearchAction\",\"target\":{\"@type\":\"EntryPoint\",\"urlTemplate\":\"https:\/\/consuladocroatabolivia.com\/?s={search_term_string}\"},\"query-input\":{\"@type\":\"PropertyValueSpecification\",\"valueRequired\":true,\"valueName\":\"search_term_string\"}}],\"inLanguage\":\"hr\"},{\"@type\":\"Organization\",\"@id\":\"https:\/\/consuladocroatabolivia.com\/#organization\",\"name\":\"Consulado Honorario de la Rep\u00fablica de Croacia en Bolivia\",\"url\":\"https:\/\/consuladocroatabolivia.com\/\",\"logo\":{\"@type\":\"ImageObject\",\"inLanguage\":\"hr\",\"@id\":\"https:\/\/consuladocroatabolivia.com\/#\/schema\/logo\/image\/\",\"url\":\"https:\/\/consuladocroatabolivia.com\/wp-content\/uploads\/2023\/08\/cropped-escudo-favicon.png\",\"contentUrl\":\"https:\/\/consuladocroatabolivia.com\/wp-content\/uploads\/2023\/08\/cropped-escudo-favicon.png\",\"width\":512,\"height\":512,\"caption\":\"Consulado Honorario de la Rep\u00fablica de Croacia en Bolivia\"},\"image\":{\"@id\":\"https:\/\/consuladocroatabolivia.com\/#\/schema\/logo\/image\/\"}}]}<\/script>\n<!-- \/ Yoast SEO plugin. -->","yoast_head_json":{"title":"Inicio - Consulado Croata en Bolivia","description":"El Consulado de la Republica de Croacia en el Estado Plurinacional de Bolivia ha sido establecido en el a\u00f1o 1996. Es dependiente de la Embajada de Croacia en Santiago de Chile, la que adem\u00e1s de Bolivia, tambi\u00e9n es concurrente para Per\u00fa y Ecuador.","robots":{"index":"index","follow":"follow","max-snippet":"max-snippet:-1","max-image-preview":"max-image-preview:large","max-video-preview":"max-video-preview:-1"},"canonical":"https:\/\/consuladocroatabolivia.com\/hr\/","og_locale":"hr_HR","og_type":"article","og_title":"Consulado de la Rep\u00fablica de Croacia en Bolivia","og_description":"El Consulado de la Republica de Croacia en el Estado Plurinacional de Bolivia ha sido establecido en el a\u00f1o 1996. Es dependiente de la Embajada de Croacia en Santiago de Chile, la que adem\u00e1s de Bolivia, tambi\u00e9n es concurrente para Per\u00fa y Ecuador.","og_url":"https:\/\/consuladocroatabolivia.com\/hr\/","og_site_name":"Consulado Croata en Bolivia","article_modified_time":"2023-11-04T12:31:53+00:00","og_image":[{"width":512,"height":512,"url":"https:\/\/consuladocroatabolivia.com\/wp-content\/uploads\/2023\/08\/cropped-escudo-favicon.png","type":"image\/png"}],"twitter_card":"summary_large_image","twitter_misc":{"Procijenjeno vrijeme \u010ditanja":"3 minute"},"schema":{"@context":"https:\/\/schema.org","@graph":[{"@type":"WebPage","@id":"https:\/\/consuladocroatabolivia.com\/","url":"https:\/\/consuladocroatabolivia.com\/","name":"Inicio - Consulado Croata en Bolivia","isPartOf":{"@id":"https:\/\/consuladocroatabolivia.com\/#website"},"primaryImageOfPage":{"@id":"https:\/\/consuladocroatabolivia.com\/#primaryimage"},"image":{"@id":"https:\/\/consuladocroatabolivia.com\/#primaryimage"},"thumbnailUrl":"https:\/\/consuladocroatabolivia.com\/wp-content\/uploads\/2023\/10\/PHOTO-2023-06-03-21-11-33-1024x576.jpg","datePublished":"2023-08-26T22:22:06+00:00","dateModified":"2023-11-04T12:31:53+00:00","description":"El Consulado de la Republica de Croacia en el Estado Plurinacional de Bolivia ha sido establecido en el a\u00f1o 1996. Es dependiente de la Embajada de Croacia en Santiago de Chile, la que adem\u00e1s de Bolivia, tambi\u00e9n es concurrente para Per\u00fa y Ecuador.","breadcrumb":{"@id":"https:\/\/consuladocroatabolivia.com\/#breadcrumb"},"inLanguage":"hr","potentialAction":[{"@type":"ReadAction","target":["https:\/\/consuladocroatabolivia.com\/"]}]},{"@type":"ImageObject","inLanguage":"hr","@id":"https:\/\/consuladocroatabolivia.com\/#primaryimage","url":"https:\/\/consuladocroatabolivia.com\/wp-content\/uploads\/2023\/10\/PHOTO-2023-06-03-21-11-33-1024x576.jpg","contentUrl":"https:\/\/consuladocroatabolivia.com\/wp-content\/uploads\/2023\/10\/PHOTO-2023-06-03-21-11-33-1024x576.jpg"},{"@type":"BreadcrumbList","@id":"https:\/\/consuladocroatabolivia.com\/#breadcrumb","itemListElement":[{"@type":"ListItem","position":1,"name":"Portada","item":"https:\/\/consuladocroatabolivia.com\/"},{"@type":"ListItem","position":2,"name":"Inicio"}]},{"@type":"WebSite","@id":"https:\/\/consuladocroatabolivia.com\/#website","url":"https:\/\/consuladocroatabolivia.com\/","name":"Consulado Croata en Bolivia","description":"El Consulado de la Rep\u00fablica de Croacia en Santa Cruz de la Sierra es dirigido por el C\u00f3nsul Honorario.","publisher":{"@id":"https:\/\/consuladocroatabolivia.com\/#organization"},"potentialAction":[{"@type":"SearchAction","target":{"@type":"EntryPoint","urlTemplate":"https:\/\/consuladocroatabolivia.com\/?s={search_term_string}"},"query-input":{"@type":"PropertyValueSpecification","valueRequired":true,"valueName":"search_term_string"}}],"inLanguage":"hr"},{"@type":"Organization","@id":"https:\/\/consuladocroatabolivia.com\/#organization","name":"Consulado Honorario de la Rep\u00fablica de Croacia en Bolivia","url":"https:\/\/consuladocroatabolivia.com\/","logo":{"@type":"ImageObject","inLanguage":"hr","@id":"https:\/\/consuladocroatabolivia.com\/#\/schema\/logo\/image\/","url":"https:\/\/consuladocroatabolivia.com\/wp-content\/uploads\/2023\/08\/cropped-escudo-favicon.png","contentUrl":"https:\/\/consuladocroatabolivia.com\/wp-content\/uploads\/2023\/08\/cropped-escudo-favicon.png","width":512,"height":512,"caption":"Consulado Honorario de la Rep\u00fablica de Croacia en Bolivia"},"image":{"@id":"https:\/\/consuladocroatabolivia.com\/#\/schema\/logo\/image\/"}}]}},"_links":{"self":[{"href":"https:\/\/consuladocroatabolivia.com\/hr\/wp-json\/wp\/v2\/pages\/6","targetHints":{"allow":["GET"]}}],"collection":[{"href":"https:\/\/consuladocroatabolivia.com\/hr\/wp-json\/wp\/v2\/pages"}],"about":[{"href":"https:\/\/consuladocroatabolivia.com\/hr\/wp-json\/wp\/v2\/types\/page"}],"author":[{"embeddable":true,"href":"https:\/\/consuladocroatabolivia.com\/hr\/wp-json\/wp\/v2\/users\/2"}],"replies":[{"embeddable":true,"href":"https:\/\/consuladocroatabolivia.com\/hr\/wp-json\/wp\/v2\/comments?post=6"}],"version-history":[{"count":24,"href":"https:\/\/consuladocroatabolivia.com\/hr\/wp-json\/wp\/v2\/pages\/6\/revisions"}],"predecessor-version":[{"id":127,"href":"https:\/\/consuladocroatabolivia.com\/hr\/wp-json\/wp\/v2\/pages\/6\/revisions\/127"}],"wp:attachment":[{"href":"https:\/\/consuladocroatabolivia.com\/hr\/wp-json\/wp\/v2\/media?parent=6"}],"curies":[{"name":"wp","href":"https:\/\/api.w.org\/{rel}","templated":true}]}}